{"id":20203,"date":"2024-08-26T14:12:24","date_gmt":"2024-08-26T12:12:24","guid":{"rendered":"https:\/\/levizjafol.org\/?page_id=20203"},"modified":"2024-08-26T14:12:26","modified_gmt":"2024-08-26T12:12:26","slug":"ndihme-juridike","status":"publish","type":"page","link":"https:\/\/levizjafol.org\/en\/anti-slapp\/ndihme-juridike\/","title":{"rendered":"Ndihm\u00eb Juridike"},"content":{"rendered":"\n<p>FOL p\u00ebrmes rrjetit t\u00eb organizuar t\u00eb avokat\u00ebve dhe jurist\u00ebve, ofron dhe koordinon mb\u00ebshtetjen ligjore p\u00ebr \u00e7\u00ebshtje q\u00eb lidhen me fjal\u00ebn e lir\u00eb, p\u00ebr individ\u00ebt dhe organizatat q\u00eb punojn\u00eb n\u00eb t\u00eb mir\u00ebn e p\u00ebrgjithshme.<\/p>\n\n\n\n<p>K\u00ebta jan\u00eb avokat\u00ebt e angazhuar n\u00eb m\u00ebnyr\u00eb pro-bono n\u00eb mbrojtje t\u00eb fjal\u00ebs s\u00eb lir\u00eb dhe do t\u00eb ndihmojn\u00eb ligj\u00ebrisht n\u00eb padit\u00eb SLAPP. Lista e tyre do t\u00eb p\u00ebrdit\u00ebsohet vazhdimisht.<\/p>\n","protected":false},"excerpt":{"rendered":"<p>FOL p\u00ebrmes rrjetit t\u00eb organizuar t\u00eb avokat\u00ebve dhe jurist\u00ebve, ofron dhe koordinon mb\u00ebshtetjen ligjore p\u00ebr \u00e7\u00ebshtje q\u00eb lidhen me fjal\u00ebn e lir\u00eb, p\u00ebr individ\u00ebt dhe organizatat q\u00eb punojn\u00eb n\u00eb t\u00eb mir\u00ebn e p\u00ebrgjithshme. K\u00ebta jan\u00eb avokat\u00ebt e angazhuar n\u00eb m\u00ebnyr\u00eb pro-bono n\u00eb mbrojtje t\u00eb fjal\u00ebs s\u00eb lir\u00eb dhe do t\u00eb ndihmojn\u00eb ligj\u00ebrisht n\u00eb padit\u00eb SLAPP. [&hellip;]<\/p>\n","protected":false},"author":1,"featured_media":0,"parent":20192,"menu_order":4,"comment_status":"closed","ping_status":"closed","template":"template-ndihme-juridike.php","meta":{"_acf_changed":false,"footnotes":""},"class_list":["post-20203","page","type-page","status-publish","hentry"],"acf":[],"yoast_head":"<!-- This site is optimized with the Yoast SEO plugin v23.8 - https:\/\/yoast.com\/wordpress\/plugins\/seo\/ -->\n<title>Ndihm\u00eb Juridike - Levizja FOL<\/title>\n<meta name=\"robots\" content=\"index, follow, max-snippet:-1, max-image-preview:large, max-video-preview:-1\" \/>\n<link rel=\"canonical\" href=\"https:\/\/levizjafol.org\/en\/anti-slapp\/ndihme-juridike\/\" \/>\n<meta property=\"og:locale\" content=\"en_US\" \/>\n<meta property=\"og:type\" content=\"article\" \/>\n<meta property=\"og:title\" content=\"Ndihm\u00eb Juridike - Levizja FOL\" \/>\n<meta property=\"og:description\" content=\"FOL p\u00ebrmes rrjetit t\u00eb organizuar t\u00eb avokat\u00ebve dhe jurist\u00ebve, ofron dhe koordinon mb\u00ebshtetjen ligjore p\u00ebr \u00e7\u00ebshtje q\u00eb lidhen me fjal\u00ebn e lir\u00eb, p\u00ebr individ\u00ebt dhe organizatat q\u00eb punojn\u00eb n\u00eb t\u00eb mir\u00ebn e p\u00ebrgjithshme. K\u00ebta jan\u00eb avokat\u00ebt e angazhuar n\u00eb m\u00ebnyr\u00eb pro-bono n\u00eb mbrojtje t\u00eb fjal\u00ebs s\u00eb lir\u00eb dhe do t\u00eb ndihmojn\u00eb ligj\u00ebrisht n\u00eb padit\u00eb SLAPP. [&hellip;]\" \/>\n<meta property=\"og:url\" content=\"https:\/\/levizjafol.org\/en\/anti-slapp\/ndihme-juridike\/\" \/>\n<meta property=\"og:site_name\" content=\"Levizja FOL\" \/>\n<meta property=\"article:publisher\" content=\"https:\/\/www.facebook.com\/fol.levizjaa\" \/>\n<meta property=\"article:modified_time\" content=\"2024-08-26T12:12:26+00:00\" \/>\n<meta name=\"twitter:card\" content=\"summary_large_image\" \/>\n<meta name=\"twitter:site\" content=\"@folmovement\" \/>\n<meta name=\"twitter:label1\" content=\"Est. reading time\" \/>\n\t<meta name=\"twitter:data1\" content=\"1 minute\" \/>\n<script type=\"application\/ld+json\" class=\"yoast-schema-graph\">{\"@context\":\"https:\/\/schema.org\",\"@graph\":[{\"@type\":\"WebPage\",\"@id\":\"https:\/\/levizjafol.org\/en\/anti-slapp\/ndihme-juridike\/\",\"url\":\"https:\/\/levizjafol.org\/en\/anti-slapp\/ndihme-juridike\/\",\"name\":\"Ndihm\u00eb Juridike - Levizja FOL\",\"isPartOf\":{\"@id\":\"https:\/\/levizjafol.org\/en\/#website\"},\"datePublished\":\"2024-08-26T12:12:24+00:00\",\"dateModified\":\"2024-08-26T12:12:26+00:00\",\"breadcrumb\":{\"@id\":\"https:\/\/levizjafol.org\/en\/anti-slapp\/ndihme-juridike\/#breadcrumb\"},\"inLanguage\":\"en-US\",\"potentialAction\":[{\"@type\":\"ReadAction\",\"target\":[\"https:\/\/levizjafol.org\/en\/anti-slapp\/ndihme-juridike\/\"]}]},{\"@type\":\"BreadcrumbList\",\"@id\":\"https:\/\/levizjafol.org\/en\/anti-slapp\/ndihme-juridike\/#breadcrumb\",\"itemListElement\":[{\"@type\":\"ListItem\",\"position\":1,\"name\":\"Home\",\"item\":\"https:\/\/levizjafol.org\/en\/home\/\"},{\"@type\":\"ListItem\",\"position\":2,\"name\":\"Anti-Slapp\",\"item\":\"https:\/\/levizjafol.org\/en\/anti-slapp\/\"},{\"@type\":\"ListItem\",\"position\":3,\"name\":\"Ndihm\u00eb Juridike\"}]},{\"@type\":\"WebSite\",\"@id\":\"https:\/\/levizjafol.org\/en\/#website\",\"url\":\"https:\/\/levizjafol.org\/en\/\",\"name\":\"L\u00ebvizja FOL\",\"description\":\"Just another WordPress site\",\"potentialAction\":[{\"@type\":\"SearchAction\",\"target\":{\"@type\":\"EntryPoint\",\"urlTemplate\":\"https:\/\/levizjafol.org\/en\/?s={search_term_string}\"},\"query-input\":{\"@type\":\"PropertyValueSpecification\",\"valueRequired\":true,\"valueName\":\"search_term_string\"}}],\"inLanguage\":\"en-US\"}]}<\/script>\n<!-- \/ Yoast SEO plugin. -->","yoast_head_json":{"title":"Ndihm\u00eb Juridike - Levizja FOL","robots":{"index":"index","follow":"follow","max-snippet":"max-snippet:-1","max-image-preview":"max-image-preview:large","max-video-preview":"max-video-preview:-1"},"canonical":"https:\/\/levizjafol.org\/en\/anti-slapp\/ndihme-juridike\/","og_locale":"en_US","og_type":"article","og_title":"Ndihm\u00eb Juridike - Levizja FOL","og_description":"FOL p\u00ebrmes rrjetit t\u00eb organizuar t\u00eb avokat\u00ebve dhe jurist\u00ebve, ofron dhe koordinon mb\u00ebshtetjen ligjore p\u00ebr \u00e7\u00ebshtje q\u00eb lidhen me fjal\u00ebn e lir\u00eb, p\u00ebr individ\u00ebt dhe organizatat q\u00eb punojn\u00eb n\u00eb t\u00eb mir\u00ebn e p\u00ebrgjithshme. K\u00ebta jan\u00eb avokat\u00ebt e angazhuar n\u00eb m\u00ebnyr\u00eb pro-bono n\u00eb mbrojtje t\u00eb fjal\u00ebs s\u00eb lir\u00eb dhe do t\u00eb ndihmojn\u00eb ligj\u00ebrisht n\u00eb padit\u00eb SLAPP. [&hellip;]","og_url":"https:\/\/levizjafol.org\/en\/anti-slapp\/ndihme-juridike\/","og_site_name":"Levizja FOL","article_publisher":"https:\/\/www.facebook.com\/fol.levizjaa","article_modified_time":"2024-08-26T12:12:26+00:00","twitter_card":"summary_large_image","twitter_site":"@folmovement","twitter_misc":{"Est. reading time":"1 minute"},"schema":{"@context":"https:\/\/schema.org","@graph":[{"@type":"WebPage","@id":"https:\/\/levizjafol.org\/en\/anti-slapp\/ndihme-juridike\/","url":"https:\/\/levizjafol.org\/en\/anti-slapp\/ndihme-juridike\/","name":"Ndihm\u00eb Juridike - Levizja FOL","isPartOf":{"@id":"https:\/\/levizjafol.org\/en\/#website"},"datePublished":"2024-08-26T12:12:24+00:00","dateModified":"2024-08-26T12:12:26+00:00","breadcrumb":{"@id":"https:\/\/levizjafol.org\/en\/anti-slapp\/ndihme-juridike\/#breadcrumb"},"inLanguage":"en-US","potentialAction":[{"@type":"ReadAction","target":["https:\/\/levizjafol.org\/en\/anti-slapp\/ndihme-juridike\/"]}]},{"@type":"BreadcrumbList","@id":"https:\/\/levizjafol.org\/en\/anti-slapp\/ndihme-juridike\/#breadcrumb","itemListElement":[{"@type":"ListItem","position":1,"name":"Home","item":"https:\/\/levizjafol.org\/en\/home\/"},{"@type":"ListItem","position":2,"name":"Anti-Slapp","item":"https:\/\/levizjafol.org\/en\/anti-slapp\/"},{"@type":"ListItem","position":3,"name":"Ndihm\u00eb Juridike"}]},{"@type":"WebSite","@id":"https:\/\/levizjafol.org\/en\/#website","url":"https:\/\/levizjafol.org\/en\/","name":"L\u00ebvizja FOL","description":"Just another WordPress site","potentialAction":[{"@type":"SearchAction","target":{"@type":"EntryPoint","urlTemplate":"https:\/\/levizjafol.org\/en\/?s={search_term_string}"},"query-input":{"@type":"PropertyValueSpecification","valueRequired":true,"valueName":"search_term_string"}}],"inLanguage":"en-US"}]}},"_links":{"self":[{"href":"https:\/\/levizjafol.org\/en\/wp-json\/wp\/v2\/pages\/20203","targetHints":{"allow":["GET"]}}],"collection":[{"href":"https:\/\/levizjafol.org\/en\/wp-json\/wp\/v2\/pages"}],"about":[{"href":"https:\/\/levizjafol.org\/en\/wp-json\/wp\/v2\/types\/page"}],"author":[{"embeddable":true,"href":"https:\/\/levizjafol.org\/en\/wp-json\/wp\/v2\/users\/1"}],"replies":[{"embeddable":true,"href":"https:\/\/levizjafol.org\/en\/wp-json\/wp\/v2\/comments?post=20203"}],"version-history":[{"count":1,"href":"https:\/\/levizjafol.org\/en\/wp-json\/wp\/v2\/pages\/20203\/revisions"}],"predecessor-version":[{"id":20204,"href":"https:\/\/levizjafol.org\/en\/wp-json\/wp\/v2\/pages\/20203\/revisions\/20204"}],"up":[{"embeddable":true,"href":"https:\/\/levizjafol.org\/en\/wp-json\/wp\/v2\/pages\/20192"}],"wp:attachment":[{"href":"https:\/\/levizjafol.org\/en\/wp-json\/wp\/v2\/media?parent=20203"}],"curies":[{"name":"wp","href":"https:\/\/api.w.org\/{rel}","templated":true}]}}