{"id":20201,"date":"2024-08-26T14:11:41","date_gmt":"2024-08-26T12:11:41","guid":{"rendered":"https:\/\/levizjafol.org\/?page_id=20201"},"modified":"2024-08-26T14:11:43","modified_gmt":"2024-08-26T12:11:43","slug":"avokimi-anti-slapp","status":"publish","type":"page","link":"https:\/\/levizjafol.org\/en\/anti-slapp\/avokimi-anti-slapp\/","title":{"rendered":"Avokimi ANTI-SLAPP"},"content":{"rendered":"\n<p>L\u00ebvizja FOL p\u00ebrmes rrjet\u00ebzimit t\u00eb saj do t\u00eb ofroj mb\u00ebshtetje p\u00ebr t\u00eb gjith\u00eb qytetar\u00ebt e Republik\u00ebs s\u00eb Kosov\u00ebs, t\u00eb cil\u00ebt mund t\u00eb jen\u00eb t\u00eb paditur me padi SLAPP.<\/p>\n\n\n\n<p>FOL do t\u00eb avokoj n\u00eb sensibilizimin e k\u00ebtyre rasteve dhe gjithashtu do t\u00eb&nbsp;monitoroj seancat gjyq\u00ebsore ndaj k\u00ebtyre rasteve.<\/p>\n","protected":false},"excerpt":{"rendered":"<p>L\u00ebvizja FOL p\u00ebrmes rrjet\u00ebzimit t\u00eb saj do t\u00eb ofroj mb\u00ebshtetje p\u00ebr t\u00eb gjith\u00eb qytetar\u00ebt e Republik\u00ebs s\u00eb Kosov\u00ebs, t\u00eb cil\u00ebt mund t\u00eb jen\u00eb t\u00eb paditur me padi SLAPP. FOL do t\u00eb avokoj n\u00eb sensibilizimin e k\u00ebtyre rasteve dhe gjithashtu do t\u00eb&nbsp;monitoroj seancat gjyq\u00ebsore ndaj k\u00ebtyre rasteve.<\/p>\n","protected":false},"author":1,"featured_media":0,"parent":20192,"menu_order":3,"comment_status":"closed","ping_status":"closed","template":"template-avokimi-slapp.php","meta":{"_acf_changed":false,"footnotes":""},"class_list":["post-20201","page","type-page","status-publish","hentry"],"acf":[],"yoast_head":"<!-- This site is optimized with the Yoast SEO plugin v23.8 - https:\/\/yoast.com\/wordpress\/plugins\/seo\/ -->\n<title>Avokimi ANTI-SLAPP - Levizja FOL<\/title>\n<meta name=\"robots\" content=\"index, follow, max-snippet:-1, max-image-preview:large, max-video-preview:-1\" \/>\n<link rel=\"canonical\" href=\"https:\/\/levizjafol.org\/en\/anti-slapp\/avokimi-anti-slapp\/\" \/>\n<meta property=\"og:locale\" content=\"en_US\" \/>\n<meta property=\"og:type\" content=\"article\" \/>\n<meta property=\"og:title\" content=\"Avokimi ANTI-SLAPP - Levizja FOL\" \/>\n<meta property=\"og:description\" content=\"L\u00ebvizja FOL p\u00ebrmes rrjet\u00ebzimit t\u00eb saj do t\u00eb ofroj mb\u00ebshtetje p\u00ebr t\u00eb gjith\u00eb qytetar\u00ebt e Republik\u00ebs s\u00eb Kosov\u00ebs, t\u00eb cil\u00ebt mund t\u00eb jen\u00eb t\u00eb paditur me padi SLAPP. FOL do t\u00eb avokoj n\u00eb sensibilizimin e k\u00ebtyre rasteve dhe gjithashtu do t\u00eb&nbsp;monitoroj seancat gjyq\u00ebsore ndaj k\u00ebtyre rasteve.\" \/>\n<meta property=\"og:url\" content=\"https:\/\/levizjafol.org\/en\/anti-slapp\/avokimi-anti-slapp\/\" \/>\n<meta property=\"og:site_name\" content=\"Levizja FOL\" \/>\n<meta property=\"article:publisher\" content=\"https:\/\/www.facebook.com\/fol.levizjaa\" \/>\n<meta property=\"article:modified_time\" content=\"2024-08-26T12:11:43+00:00\" \/>\n<meta name=\"twitter:card\" content=\"summary_large_image\" \/>\n<meta name=\"twitter:site\" content=\"@folmovement\" \/>\n<meta name=\"twitter:label1\" content=\"Est. reading time\" \/>\n\t<meta name=\"twitter:data1\" content=\"1 minute\" \/>\n<script type=\"application\/ld+json\" class=\"yoast-schema-graph\">{\"@context\":\"https:\/\/schema.org\",\"@graph\":[{\"@type\":\"WebPage\",\"@id\":\"https:\/\/levizjafol.org\/en\/anti-slapp\/avokimi-anti-slapp\/\",\"url\":\"https:\/\/levizjafol.org\/en\/anti-slapp\/avokimi-anti-slapp\/\",\"name\":\"Avokimi ANTI-SLAPP - Levizja FOL\",\"isPartOf\":{\"@id\":\"https:\/\/levizjafol.org\/en\/#website\"},\"datePublished\":\"2024-08-26T12:11:41+00:00\",\"dateModified\":\"2024-08-26T12:11:43+00:00\",\"breadcrumb\":{\"@id\":\"https:\/\/levizjafol.org\/en\/anti-slapp\/avokimi-anti-slapp\/#breadcrumb\"},\"inLanguage\":\"en-US\",\"potentialAction\":[{\"@type\":\"ReadAction\",\"target\":[\"https:\/\/levizjafol.org\/en\/anti-slapp\/avokimi-anti-slapp\/\"]}]},{\"@type\":\"BreadcrumbList\",\"@id\":\"https:\/\/levizjafol.org\/en\/anti-slapp\/avokimi-anti-slapp\/#breadcrumb\",\"itemListElement\":[{\"@type\":\"ListItem\",\"position\":1,\"name\":\"Home\",\"item\":\"https:\/\/levizjafol.org\/en\/home\/\"},{\"@type\":\"ListItem\",\"position\":2,\"name\":\"Anti-Slapp\",\"item\":\"https:\/\/levizjafol.org\/en\/anti-slapp\/\"},{\"@type\":\"ListItem\",\"position\":3,\"name\":\"Avokimi ANTI-SLAPP\"}]},{\"@type\":\"WebSite\",\"@id\":\"https:\/\/levizjafol.org\/en\/#website\",\"url\":\"https:\/\/levizjafol.org\/en\/\",\"name\":\"L\u00ebvizja FOL\",\"description\":\"Just another WordPress site\",\"potentialAction\":[{\"@type\":\"SearchAction\",\"target\":{\"@type\":\"EntryPoint\",\"urlTemplate\":\"https:\/\/levizjafol.org\/en\/?s={search_term_string}\"},\"query-input\":{\"@type\":\"PropertyValueSpecification\",\"valueRequired\":true,\"valueName\":\"search_term_string\"}}],\"inLanguage\":\"en-US\"}]}<\/script>\n<!-- \/ Yoast SEO plugin. -->","yoast_head_json":{"title":"Avokimi ANTI-SLAPP - Levizja FOL","robots":{"index":"index","follow":"follow","max-snippet":"max-snippet:-1","max-image-preview":"max-image-preview:large","max-video-preview":"max-video-preview:-1"},"canonical":"https:\/\/levizjafol.org\/en\/anti-slapp\/avokimi-anti-slapp\/","og_locale":"en_US","og_type":"article","og_title":"Avokimi ANTI-SLAPP - Levizja FOL","og_description":"L\u00ebvizja FOL p\u00ebrmes rrjet\u00ebzimit t\u00eb saj do t\u00eb ofroj mb\u00ebshtetje p\u00ebr t\u00eb gjith\u00eb qytetar\u00ebt e Republik\u00ebs s\u00eb Kosov\u00ebs, t\u00eb cil\u00ebt mund t\u00eb jen\u00eb t\u00eb paditur me padi SLAPP. FOL do t\u00eb avokoj n\u00eb sensibilizimin e k\u00ebtyre rasteve dhe gjithashtu do t\u00eb&nbsp;monitoroj seancat gjyq\u00ebsore ndaj k\u00ebtyre rasteve.","og_url":"https:\/\/levizjafol.org\/en\/anti-slapp\/avokimi-anti-slapp\/","og_site_name":"Levizja FOL","article_publisher":"https:\/\/www.facebook.com\/fol.levizjaa","article_modified_time":"2024-08-26T12:11:43+00:00","twitter_card":"summary_large_image","twitter_site":"@folmovement","twitter_misc":{"Est. reading time":"1 minute"},"schema":{"@context":"https:\/\/schema.org","@graph":[{"@type":"WebPage","@id":"https:\/\/levizjafol.org\/en\/anti-slapp\/avokimi-anti-slapp\/","url":"https:\/\/levizjafol.org\/en\/anti-slapp\/avokimi-anti-slapp\/","name":"Avokimi ANTI-SLAPP - Levizja FOL","isPartOf":{"@id":"https:\/\/levizjafol.org\/en\/#website"},"datePublished":"2024-08-26T12:11:41+00:00","dateModified":"2024-08-26T12:11:43+00:00","breadcrumb":{"@id":"https:\/\/levizjafol.org\/en\/anti-slapp\/avokimi-anti-slapp\/#breadcrumb"},"inLanguage":"en-US","potentialAction":[{"@type":"ReadAction","target":["https:\/\/levizjafol.org\/en\/anti-slapp\/avokimi-anti-slapp\/"]}]},{"@type":"BreadcrumbList","@id":"https:\/\/levizjafol.org\/en\/anti-slapp\/avokimi-anti-slapp\/#breadcrumb","itemListElement":[{"@type":"ListItem","position":1,"name":"Home","item":"https:\/\/levizjafol.org\/en\/home\/"},{"@type":"ListItem","position":2,"name":"Anti-Slapp","item":"https:\/\/levizjafol.org\/en\/anti-slapp\/"},{"@type":"ListItem","position":3,"name":"Avokimi ANTI-SLAPP"}]},{"@type":"WebSite","@id":"https:\/\/levizjafol.org\/en\/#website","url":"https:\/\/levizjafol.org\/en\/","name":"L\u00ebvizja FOL","description":"Just another WordPress site","potentialAction":[{"@type":"SearchAction","target":{"@type":"EntryPoint","urlTemplate":"https:\/\/levizjafol.org\/en\/?s={search_term_string}"},"query-input":{"@type":"PropertyValueSpecification","valueRequired":true,"valueName":"search_term_string"}}],"inLanguage":"en-US"}]}},"_links":{"self":[{"href":"https:\/\/levizjafol.org\/en\/wp-json\/wp\/v2\/pages\/20201","targetHints":{"allow":["GET"]}}],"collection":[{"href":"https:\/\/levizjafol.org\/en\/wp-json\/wp\/v2\/pages"}],"about":[{"href":"https:\/\/levizjafol.org\/en\/wp-json\/wp\/v2\/types\/page"}],"author":[{"embeddable":true,"href":"https:\/\/levizjafol.org\/en\/wp-json\/wp\/v2\/users\/1"}],"replies":[{"embeddable":true,"href":"https:\/\/levizjafol.org\/en\/wp-json\/wp\/v2\/comments?post=20201"}],"version-history":[{"count":1,"href":"https:\/\/levizjafol.org\/en\/wp-json\/wp\/v2\/pages\/20201\/revisions"}],"predecessor-version":[{"id":20202,"href":"https:\/\/levizjafol.org\/en\/wp-json\/wp\/v2\/pages\/20201\/revisions\/20202"}],"up":[{"embeddable":true,"href":"https:\/\/levizjafol.org\/en\/wp-json\/wp\/v2\/pages\/20192"}],"wp:attachment":[{"href":"https:\/\/levizjafol.org\/en\/wp-json\/wp\/v2\/media?parent=20201"}],"curies":[{"name":"wp","href":"https:\/\/api.w.org\/{rel}","templated":true}]}}