{"id":20195,"date":"2024-08-26T14:04:23","date_gmt":"2024-08-26T12:04:23","guid":{"rendered":"https:\/\/levizjafol.org\/?page_id=20195"},"modified":"2024-08-26T14:08:00","modified_gmt":"2024-08-26T12:08:00","slug":"cfare-jane-padite-slapp","status":"publish","type":"page","link":"https:\/\/levizjafol.org\/en\/anti-slapp\/cfare-jane-padite-slapp\/","title":{"rendered":"\u00c7far\u00eb jan\u00eb padit\u00eb SLAPP"},"content":{"rendered":"\n<p>SLAPP = Strategic Lawsuit Against Public Participation Padi Strategjike Kund\u00ebr Pjes\u00ebmarrjes Publike<\/p>\n\n\n\n<p>Padit\u00eb SLAPP jan\u00eb padi q\u00eb prima facie v\u00ebrehen se nuk jan\u00eb t\u00eb bazuara n\u00eb fakte dhe se do t\u00eb jen\u00eb t\u00eb pasuksesshme n\u00eb gjykat\u00eb. P\u00ebrmes tyre, padit\u00ebsi nuk synon t\u00eb fitoj\u00eb rastin, por ka p\u00ebr q\u00ebllim q\u00eb t\u00eb frik\u00ebsoj\u00eb dhe dekurajoj\u00eb gazetar\u00ebt apo aktivist\u00ebt nga raportimi i m\u00ebtejm\u00eb i \u00e7\u00ebshtjeve me interes publik duke i detyruar ata t\u00eb kalojn\u00eb n\u00ebp\u00ebr procese t\u00eb gjata dhe t\u00eb kushtueshme gjyq\u00ebsore.<\/p>\n\n\n\n<p>K\u00ebto padi konsiderohen dhe duhet t\u00eb trajtohen si abuzim i legjislacionit kund\u00ebr shpifjes nga njer\u00ebzit dhe korporatat e fuqishme p\u00ebr t\u00eb heshtur gazetar\u00ebt, mediat, organizatat e shoq\u00ebris\u00eb civile dhe aktivist\u00ebt.<\/p>\n\n\n\n<p>Vitet e fundit \u00ebsht\u00eb paraqitur nj\u00eb trend negativ i p\u00ebrdorimit t\u00eb padive p\u00ebr shpifje ose letrave dhe paralajm\u00ebrimeve k\u00ebrc\u00ebnuese nga avokat\u00ebt me q\u00ebllim t\u00eb frik\u00ebsimit dhe pengimit t\u00eb pjes\u00ebmarrjes n\u00eb diskutime publike t\u00eb gazetar\u00ebve, aktivist\u00ebve, organizatave, akademik\u00ebve etj. Politikan\u00ebt dhe biznesmen\u00ebt e fuqish\u00ebm, n\u00ebp\u00ebrmjet padive q\u00eb nuk kan\u00eb baz\u00eb dhe shans p\u00ebr sukses, k\u00ebrkojn\u00eb nga gazetar\u00ebt, mediat dhe aktivist\u00ebt qindra mij\u00ebra e deri n\u00eb miliona euro d\u00ebmshp\u00ebrblime n\u00eb em\u00ebr t\u00eb \u201ccenimit t\u00eb reputacionit\u201d. Padit\u00eb e tilla njihen si Padi Strategjike Kund\u00ebr Pjes\u00ebmarrjes Publike (Strategic Lawsuits Against Public Participation \u2013 SLAPP) t\u00eb cilat tashm\u00eb kan\u00eb filluar t\u00eb praktikohen edhe n\u00eb Kosov\u00eb.<\/p>\n\n\n\n<p>Duke par\u00eb trendin n\u00eb rritje t\u00eb p\u00ebrdorimit t\u00eb padive SLAPP, p\u00ebrpjekjet e institucioneve nd\u00ebrkomb\u00ebtare p\u00ebr t\u00eb luftuar k\u00ebto padi jan\u00eb intensifikuar vitet e fundit. M\u00eb 8 qershor 2020, 119 organizata nd\u00ebrkomb\u00ebtare, duke p\u00ebrfshir\u00eb edhe Qendr\u00ebn Evropiane p\u00ebr Lirin\u00eb e Mediave dhe t\u00eb Shtypit \u201cArticle 19\u201d, Komitetin p\u00ebr Mbrojtjen e Gazetar\u00ebve, etj, kan\u00eb k\u00ebrkuar nga Komisioni Evropian q\u00eb t\u00eb propozoj\u00eb ndryshime ligjore p\u00ebr luftimin e padive SLAPP. P\u00ebr m\u00eb tep\u00ebr, \u00ebsht\u00eb k\u00ebrkuar q\u00eb n\u00eb nivel t\u00eb Bashkimit Evropian t\u00eb draftohet nj\u00eb direktiv\u00eb kund\u00ebr padive SLAPP.<\/p>\n\n\n\n<p>K\u00ebtyre p\u00ebrpjekjeve u jan\u00eb bashkuar deputet\u00eb t\u00eb Parlamentit t\u00eb Evrop\u00ebs, p\u00ebrfshir\u00eb raportuesen p\u00ebr Kosov\u00eb Viola Von Cramon, t\u00eb cil\u00ebt k\u00ebrkojn\u00eb veprime konkrete nga ana e Komisionit Evropian p\u00ebr t\u00eb luftuar padit\u00eb e tilla. Akter\u00ebt relevant\u00eb n\u00eb Kosov\u00eb duhet t\u00eb b\u00ebhen pjes\u00eb e diskutimeve aktuale n\u00eb k\u00ebt\u00eb fush\u00eb, n\u00eb m\u00ebnyr\u00eb q\u00eb t\u00eb sigurohen q\u00eb padit\u00eb SLAPP t\u00eb mos p\u00ebrdoren p\u00ebr t\u00eb kufizuar t\u00eb drejt\u00ebn e liris\u00eb s\u00eb shprehjes s\u00eb gazetar\u00ebve dhe aktivist\u00ebve.<\/p>\n","protected":false},"excerpt":{"rendered":"<p>SLAPP = Strategic Lawsuit Against Public Participation Padi Strategjike Kund\u00ebr Pjes\u00ebmarrjes Publike Padit\u00eb SLAPP jan\u00eb padi q\u00eb prima facie v\u00ebrehen se nuk jan\u00eb t\u00eb bazuara n\u00eb fakte dhe se do t\u00eb jen\u00eb t\u00eb pasuksesshme n\u00eb gjykat\u00eb. P\u00ebrmes tyre, padit\u00ebsi nuk synon t\u00eb fitoj\u00eb rastin, por ka p\u00ebr q\u00ebllim q\u00eb t\u00eb frik\u00ebsoj\u00eb dhe dekurajoj\u00eb gazetar\u00ebt apo [&hellip;]<\/p>\n","protected":false},"author":1,"featured_media":0,"parent":20192,"menu_order":1,"comment_status":"closed","ping_status":"closed","template":"template-cfare-jane-padite-slapp.php","meta":{"_acf_changed":false,"footnotes":""},"class_list":["post-20195","page","type-page","status-publish","hentry"],"acf":[],"yoast_head":"<!-- This site is optimized with the Yoast SEO plugin v23.8 - https:\/\/yoast.com\/wordpress\/plugins\/seo\/ -->\n<title>\u00c7far\u00eb jan\u00eb padit\u00eb SLAPP - Levizja FOL<\/title>\n<meta name=\"robots\" content=\"index, follow, max-snippet:-1, max-image-preview:large, max-video-preview:-1\" \/>\n<link rel=\"canonical\" href=\"https:\/\/levizjafol.org\/en\/anti-slapp\/cfare-jane-padite-slapp\/\" \/>\n<meta property=\"og:locale\" content=\"en_US\" \/>\n<meta property=\"og:type\" content=\"article\" \/>\n<meta property=\"og:title\" content=\"\u00c7far\u00eb jan\u00eb padit\u00eb SLAPP - Levizja FOL\" \/>\n<meta property=\"og:description\" content=\"SLAPP = Strategic Lawsuit Against Public Participation Padi Strategjike Kund\u00ebr Pjes\u00ebmarrjes Publike Padit\u00eb SLAPP jan\u00eb padi q\u00eb prima facie v\u00ebrehen se nuk jan\u00eb t\u00eb bazuara n\u00eb fakte dhe se do t\u00eb jen\u00eb t\u00eb pasuksesshme n\u00eb gjykat\u00eb. P\u00ebrmes tyre, padit\u00ebsi nuk synon t\u00eb fitoj\u00eb rastin, por ka p\u00ebr q\u00ebllim q\u00eb t\u00eb frik\u00ebsoj\u00eb dhe dekurajoj\u00eb gazetar\u00ebt apo [&hellip;]\" \/>\n<meta property=\"og:url\" content=\"https:\/\/levizjafol.org\/en\/anti-slapp\/cfare-jane-padite-slapp\/\" \/>\n<meta property=\"og:site_name\" content=\"Levizja FOL\" \/>\n<meta property=\"article:publisher\" content=\"https:\/\/www.facebook.com\/fol.levizjaa\" \/>\n<meta property=\"article:modified_time\" content=\"2024-08-26T12:08:00+00:00\" \/>\n<meta name=\"twitter:card\" content=\"summary_large_image\" \/>\n<meta name=\"twitter:site\" content=\"@folmovement\" \/>\n<meta name=\"twitter:label1\" content=\"Est. reading time\" \/>\n\t<meta name=\"twitter:data1\" content=\"2 minutes\" \/>\n<script type=\"application\/ld+json\" class=\"yoast-schema-graph\">{\"@context\":\"https:\/\/schema.org\",\"@graph\":[{\"@type\":\"WebPage\",\"@id\":\"https:\/\/levizjafol.org\/en\/anti-slapp\/cfare-jane-padite-slapp\/\",\"url\":\"https:\/\/levizjafol.org\/en\/anti-slapp\/cfare-jane-padite-slapp\/\",\"name\":\"\u00c7far\u00eb jan\u00eb padit\u00eb SLAPP - Levizja FOL\",\"isPartOf\":{\"@id\":\"https:\/\/levizjafol.org\/en\/#website\"},\"datePublished\":\"2024-08-26T12:04:23+00:00\",\"dateModified\":\"2024-08-26T12:08:00+00:00\",\"breadcrumb\":{\"@id\":\"https:\/\/levizjafol.org\/en\/anti-slapp\/cfare-jane-padite-slapp\/#breadcrumb\"},\"inLanguage\":\"en-US\",\"potentialAction\":[{\"@type\":\"ReadAction\",\"target\":[\"https:\/\/levizjafol.org\/en\/anti-slapp\/cfare-jane-padite-slapp\/\"]}]},{\"@type\":\"BreadcrumbList\",\"@id\":\"https:\/\/levizjafol.org\/en\/anti-slapp\/cfare-jane-padite-slapp\/#breadcrumb\",\"itemListElement\":[{\"@type\":\"ListItem\",\"position\":1,\"name\":\"Home\",\"item\":\"https:\/\/levizjafol.org\/en\/home\/\"},{\"@type\":\"ListItem\",\"position\":2,\"name\":\"Anti-Slapp\",\"item\":\"https:\/\/levizjafol.org\/en\/anti-slapp\/\"},{\"@type\":\"ListItem\",\"position\":3,\"name\":\"\u00c7far\u00eb jan\u00eb padit\u00eb SLAPP\"}]},{\"@type\":\"WebSite\",\"@id\":\"https:\/\/levizjafol.org\/en\/#website\",\"url\":\"https:\/\/levizjafol.org\/en\/\",\"name\":\"L\u00ebvizja FOL\",\"description\":\"Just another WordPress site\",\"potentialAction\":[{\"@type\":\"SearchAction\",\"target\":{\"@type\":\"EntryPoint\",\"urlTemplate\":\"https:\/\/levizjafol.org\/en\/?s={search_term_string}\"},\"query-input\":{\"@type\":\"PropertyValueSpecification\",\"valueRequired\":true,\"valueName\":\"search_term_string\"}}],\"inLanguage\":\"en-US\"}]}<\/script>\n<!-- \/ Yoast SEO plugin. -->","yoast_head_json":{"title":"\u00c7far\u00eb jan\u00eb padit\u00eb SLAPP - Levizja FOL","robots":{"index":"index","follow":"follow","max-snippet":"max-snippet:-1","max-image-preview":"max-image-preview:large","max-video-preview":"max-video-preview:-1"},"canonical":"https:\/\/levizjafol.org\/en\/anti-slapp\/cfare-jane-padite-slapp\/","og_locale":"en_US","og_type":"article","og_title":"\u00c7far\u00eb jan\u00eb padit\u00eb SLAPP - Levizja FOL","og_description":"SLAPP = Strategic Lawsuit Against Public Participation Padi Strategjike Kund\u00ebr Pjes\u00ebmarrjes Publike Padit\u00eb SLAPP jan\u00eb padi q\u00eb prima facie v\u00ebrehen se nuk jan\u00eb t\u00eb bazuara n\u00eb fakte dhe se do t\u00eb jen\u00eb t\u00eb pasuksesshme n\u00eb gjykat\u00eb. P\u00ebrmes tyre, padit\u00ebsi nuk synon t\u00eb fitoj\u00eb rastin, por ka p\u00ebr q\u00ebllim q\u00eb t\u00eb frik\u00ebsoj\u00eb dhe dekurajoj\u00eb gazetar\u00ebt apo [&hellip;]","og_url":"https:\/\/levizjafol.org\/en\/anti-slapp\/cfare-jane-padite-slapp\/","og_site_name":"Levizja FOL","article_publisher":"https:\/\/www.facebook.com\/fol.levizjaa","article_modified_time":"2024-08-26T12:08:00+00:00","twitter_card":"summary_large_image","twitter_site":"@folmovement","twitter_misc":{"Est. reading time":"2 minutes"},"schema":{"@context":"https:\/\/schema.org","@graph":[{"@type":"WebPage","@id":"https:\/\/levizjafol.org\/en\/anti-slapp\/cfare-jane-padite-slapp\/","url":"https:\/\/levizjafol.org\/en\/anti-slapp\/cfare-jane-padite-slapp\/","name":"\u00c7far\u00eb jan\u00eb padit\u00eb SLAPP - Levizja FOL","isPartOf":{"@id":"https:\/\/levizjafol.org\/en\/#website"},"datePublished":"2024-08-26T12:04:23+00:00","dateModified":"2024-08-26T12:08:00+00:00","breadcrumb":{"@id":"https:\/\/levizjafol.org\/en\/anti-slapp\/cfare-jane-padite-slapp\/#breadcrumb"},"inLanguage":"en-US","potentialAction":[{"@type":"ReadAction","target":["https:\/\/levizjafol.org\/en\/anti-slapp\/cfare-jane-padite-slapp\/"]}]},{"@type":"BreadcrumbList","@id":"https:\/\/levizjafol.org\/en\/anti-slapp\/cfare-jane-padite-slapp\/#breadcrumb","itemListElement":[{"@type":"ListItem","position":1,"name":"Home","item":"https:\/\/levizjafol.org\/en\/home\/"},{"@type":"ListItem","position":2,"name":"Anti-Slapp","item":"https:\/\/levizjafol.org\/en\/anti-slapp\/"},{"@type":"ListItem","position":3,"name":"\u00c7far\u00eb jan\u00eb padit\u00eb SLAPP"}]},{"@type":"WebSite","@id":"https:\/\/levizjafol.org\/en\/#website","url":"https:\/\/levizjafol.org\/en\/","name":"L\u00ebvizja FOL","description":"Just another WordPress site","potentialAction":[{"@type":"SearchAction","target":{"@type":"EntryPoint","urlTemplate":"https:\/\/levizjafol.org\/en\/?s={search_term_string}"},"query-input":{"@type":"PropertyValueSpecification","valueRequired":true,"valueName":"search_term_string"}}],"inLanguage":"en-US"}]}},"_links":{"self":[{"href":"https:\/\/levizjafol.org\/en\/wp-json\/wp\/v2\/pages\/20195","targetHints":{"allow":["GET"]}}],"collection":[{"href":"https:\/\/levizjafol.org\/en\/wp-json\/wp\/v2\/pages"}],"about":[{"href":"https:\/\/levizjafol.org\/en\/wp-json\/wp\/v2\/types\/page"}],"author":[{"embeddable":true,"href":"https:\/\/levizjafol.org\/en\/wp-json\/wp\/v2\/users\/1"}],"replies":[{"embeddable":true,"href":"https:\/\/levizjafol.org\/en\/wp-json\/wp\/v2\/comments?post=20195"}],"version-history":[{"count":1,"href":"https:\/\/levizjafol.org\/en\/wp-json\/wp\/v2\/pages\/20195\/revisions"}],"predecessor-version":[{"id":20196,"href":"https:\/\/levizjafol.org\/en\/wp-json\/wp\/v2\/pages\/20195\/revisions\/20196"}],"up":[{"embeddable":true,"href":"https:\/\/levizjafol.org\/en\/wp-json\/wp\/v2\/pages\/20192"}],"wp:attachment":[{"href":"https:\/\/levizjafol.org\/en\/wp-json\/wp\/v2\/media?parent=20195"}],"curies":[{"name":"wp","href":"https:\/\/api.w.org\/{rel}","templated":true}]}}